{"id":15877,"date":"2022-02-26T16:11:01","date_gmt":"2022-02-26T16:11:01","guid":{"rendered":"https:\/\/ikarus.pe\/tienda\/?post_type=product&#038;p=15877"},"modified":"2025-12-18T21:30:39","modified_gmt":"2025-12-18T21:30:39","slug":"perro-con-chullo","status":"publish","type":"product","link":"https:\/\/ikarus.pe\/tienda\/store\/ninos\/ninos\/perro-con-chullo\/","title":{"rendered":"Perro con chullo"},"content":{"rendered":"<ul>\n<li>Polera con capucha forrada, confeccionada con franela 100% algod\u00f3n te\u00f1ido reactivo.<\/li>\n<li>Impresi\u00f3n en serigraf\u00eda tacto cero con tintas eco amigables.<\/li>\n<li>Polera pre lavada y suavizada<\/li>\n<li>Producci\u00f3n de Edici\u00f3n Limitada<\/li>\n<li>Medidas de tallas en galer\u00eda de im\u00e1genes.<\/li>\n<\/ul>\n<p>Indicaciones de lavado:<\/p>\n<ul>\n<li>Lavar a mano : Evita el uso de lavadora<\/li>\n<li>No usar lej\u00eda, ni detergentes fuertes<\/li>\n<\/ul>\n","protected":false},"excerpt":{"rendered":"Polera con capucha forrada, confeccionada con franela 100% algod\u00f3n te\u00f1ido reactivo. Impresi\u00f3n en serigraf\u00eda tacto cero con tintas eco amigables. Polera pre lavada y suavizada Producci\u00f3n de Edici\u00f3n Limitada Medidas de tallas en galer\u00eda de im\u00e1genes. Indicaciones de lavado: Lavar a mano : Evita el uso de lavadora No usar lej\u00eda, ni detergentes fuertes","protected":false},"featured_media":10457,"comment_status":"open","ping_status":"closed","template":"","meta":[],"_links":{"self":[{"href":"https:\/\/ikarus.pe\/tienda\/wp-json\/wp\/v2\/product\/15877"}],"collection":[{"href":"https:\/\/ikarus.pe\/tienda\/wp-json\/wp\/v2\/product"}],"about":[{"href":"https:\/\/ikarus.pe\/tienda\/wp-json\/wp\/v2\/types\/product"}],"replies":[{"embeddable":true,"href":"https:\/\/ikarus.pe\/tienda\/wp-json\/wp\/v2\/comments?post=15877"}],"wp:featuredmedia":[{"embeddable":true,"href":"https:\/\/ikarus.pe\/tienda\/wp-json\/wp\/v2\/media\/10457"}],"wp:attachment":[{"href":"https:\/\/ikarus.pe\/tienda\/wp-json\/wp\/v2\/media?parent=15877"}],"curies":[{"name":"wp","href":"https:\/\/api.w.org\/{rel}","templated":true}]}}