{"id":16077,"date":"2022-03-09T18:05:46","date_gmt":"2022-03-09T18:05:46","guid":{"rendered":"https:\/\/ikarus.pe\/tienda\/?post_type=product&#038;p=16077"},"modified":"2025-01-18T21:05:34","modified_gmt":"2025-01-18T21:05:34","slug":"escudo-coca-3","status":"publish","type":"product","link":"https:\/\/ikarus.pe\/tienda\/store\/delia\/mujeres\/delia\/escudo-coca-3\/","title":{"rendered":"Escudo Coca"},"content":{"rendered":"<ul>\n<li>Tela 100% Viscosa<\/li>\n<li>Tela Pre-lavado y Prenda Suavizada<\/li>\n<li>Impresi\u00f3n Serigr\u00e1fica tacto cero con tintas Ecofriendly<\/li>\n<li>Edici\u00f3n Limitada<\/li>\n<\/ul>\n<p>Modo de lavado<\/p>\n<ul>\n<li>Lavar a mano : Evita el uso de lavadora<\/li>\n<li>No usar lej\u00eda, ni detergentes fuertes<\/li>\n<li>Exprime suave \/ Secar a la sombra<\/li>\n<li>Secado en maquina: Usar en ciclo suave<\/li>\n<\/ul>\n","protected":false},"excerpt":{"rendered":"Tela 100% Viscosa Tela Pre-lavado y Prenda Suavizada Impresi\u00f3n Serigr\u00e1fica tacto cero con tintas Ecofriendly Edici\u00f3n Limitada Modo de lavado Lavar a mano : Evita el uso de lavadora No usar lej\u00eda, ni detergentes fuertes Exprime suave \/ Secar a la sombra Secado en maquina: Usar en ciclo suave","protected":false},"featured_media":0,"comment_status":"open","ping_status":"closed","template":"","meta":[],"_links":{"self":[{"href":"https:\/\/ikarus.pe\/tienda\/wp-json\/wp\/v2\/product\/16077"}],"collection":[{"href":"https:\/\/ikarus.pe\/tienda\/wp-json\/wp\/v2\/product"}],"about":[{"href":"https:\/\/ikarus.pe\/tienda\/wp-json\/wp\/v2\/types\/product"}],"replies":[{"embeddable":true,"href":"https:\/\/ikarus.pe\/tienda\/wp-json\/wp\/v2\/comments?post=16077"}],"wp:attachment":[{"href":"https:\/\/ikarus.pe\/tienda\/wp-json\/wp\/v2\/media?parent=16077"}],"curies":[{"name":"wp","href":"https:\/\/api.w.org\/{rel}","templated":true}]}}