{"id":16999,"date":"2023-02-20T20:14:01","date_gmt":"2023-02-20T20:14:01","guid":{"rendered":"https:\/\/ikarus.pe\/tienda\/?post_type=product&#038;p=16999"},"modified":"2025-01-13T22:49:15","modified_gmt":"2025-01-13T22:49:15","slug":"escudo-garabato-5","status":"publish","type":"product","link":"https:\/\/ikarus.pe\/tienda\/store\/delia\/mujeres\/delia\/escudo-garabato-5\/","title":{"rendered":"Escudo Garabato"},"content":{"rendered":"<ul>\n<li>Tela 100% Viscosa<\/li>\n<li>Tela Pre-lavado y Prenda Suavizada<\/li>\n<li>Impresi\u00f3n Serigr\u00e1fica tacto cero con tintas Ecofriendly<\/li>\n<li>Edici\u00f3n Limitada<\/li>\n<li>Medidas de tallas: XS: Largo delantero 56cm Largo trasero 67cm Ancho: 39cm. S: Largo delantero: 58cm Largo trasero: 68cm Ancho: 40cm. M: Largo delantero: 62cm Largo trasero: 69cm Ancho: 42cm<\/li>\n<\/ul>\n<p>Modo de lavado<\/p>\n<ul>\n<li>Lavar a mano : Evita el uso de lavadora<\/li>\n<li>No usar lej\u00eda, ni detergentes fuertes<\/li>\n<li>Exprime suave \/ Secar a la sombra<\/li>\n<li>Secado en maquina: Usar en ciclo suave<\/li>\n<\/ul>\n","protected":false},"excerpt":{"rendered":"Tela 100% Viscosa Tela Pre-lavado y Prenda Suavizada Impresi\u00f3n Serigr\u00e1fica tacto cero con tintas Ecofriendly Edici\u00f3n Limitada Medidas de tallas: XS: Largo delantero 56cm Largo trasero 67cm Ancho: 39cm. S: Largo delantero: 58cm Largo trasero: 68cm Ancho: 40cm. M: Largo delantero: 62cm Largo trasero: 69cm Ancho: 42cm Modo de lavado Lavar a mano : Evita&#8230; <a class=\"view-article\" href=\"https:\/\/ikarus.pe\/tienda\/store\/delia\/mujeres\/delia\/escudo-garabato-5\/\">Ver art\u00edculo<\/a>","protected":false},"featured_media":17008,"comment_status":"open","ping_status":"closed","template":"","meta":[],"_links":{"self":[{"href":"https:\/\/ikarus.pe\/tienda\/wp-json\/wp\/v2\/product\/16999"}],"collection":[{"href":"https:\/\/ikarus.pe\/tienda\/wp-json\/wp\/v2\/product"}],"about":[{"href":"https:\/\/ikarus.pe\/tienda\/wp-json\/wp\/v2\/types\/product"}],"replies":[{"embeddable":true,"href":"https:\/\/ikarus.pe\/tienda\/wp-json\/wp\/v2\/comments?post=16999"}],"wp:featuredmedia":[{"embeddable":true,"href":"https:\/\/ikarus.pe\/tienda\/wp-json\/wp\/v2\/media\/17008"}],"wp:attachment":[{"href":"https:\/\/ikarus.pe\/tienda\/wp-json\/wp\/v2\/media?parent=16999"}],"curies":[{"name":"wp","href":"https:\/\/api.w.org\/{rel}","templated":true}]}}