{"id":17103,"date":"2023-02-20T20:56:21","date_gmt":"2023-02-20T20:56:21","guid":{"rendered":"https:\/\/ikarus.pe\/tienda\/?post_type=product&#038;p=17103"},"modified":"2026-04-22T17:33:02","modified_gmt":"2026-04-22T17:33:02","slug":"escudo-flores-2","status":"publish","type":"product","link":"https:\/\/ikarus.pe\/tienda\/store\/mujer\/mujeres\/t-shirt\/escudo-flores-2\/","title":{"rendered":"Escudo Flores"},"content":{"rendered":"<h2>Descripci\u00f3n del producto<\/h2>\n<ul>\n<li>Tela 100% Viscosa<\/li>\n<li>Tela Pre-lavado y Prenda Suavizada<\/li>\n<li>Impresi\u00f3n Serigr\u00e1fica tacto cero con \u00a0tintas Ecofriendly<\/li>\n<li>Edici\u00f3n Limitada<\/li>\n<\/ul>\n<p>Indicaciones de Lavado:<\/p>\n<ul>\n<li>Lavar a mano : Evita el uso de lavadora<\/li>\n<li>No usar lej\u00eda, ni detergentes fuertes<\/li>\n<li>Exprime suave \/ Secar a la sombra<\/li>\n<li>\n<div>Secado en maquina: Usar en ciclo suave<\/div>\n<\/li>\n<\/ul>\n","protected":false},"excerpt":{"rendered":"Descripci\u00f3n del producto Tela 100% Viscosa Tela Pre-lavado y Prenda Suavizada Impresi\u00f3n Serigr\u00e1fica tacto cero con \u00a0tintas Ecofriendly Edici\u00f3n Limitada Indicaciones de Lavado: Lavar a mano : Evita el uso de lavadora No usar lej\u00eda, ni detergentes fuertes Exprime suave \/ Secar a la sombra Secado en maquina: Usar en ciclo suave","protected":false},"featured_media":18737,"comment_status":"open","ping_status":"closed","template":"","meta":[],"_links":{"self":[{"href":"https:\/\/ikarus.pe\/tienda\/wp-json\/wp\/v2\/product\/17103"}],"collection":[{"href":"https:\/\/ikarus.pe\/tienda\/wp-json\/wp\/v2\/product"}],"about":[{"href":"https:\/\/ikarus.pe\/tienda\/wp-json\/wp\/v2\/types\/product"}],"replies":[{"embeddable":true,"href":"https:\/\/ikarus.pe\/tienda\/wp-json\/wp\/v2\/comments?post=17103"}],"wp:featuredmedia":[{"embeddable":true,"href":"https:\/\/ikarus.pe\/tienda\/wp-json\/wp\/v2\/media\/18737"}],"wp:attachment":[{"href":"https:\/\/ikarus.pe\/tienda\/wp-json\/wp\/v2\/media?parent=17103"}],"curies":[{"name":"wp","href":"https:\/\/api.w.org\/{rel}","templated":true}]}}