{"id":17140,"date":"2023-02-20T22:46:31","date_gmt":"2023-02-20T22:46:31","guid":{"rendered":"https:\/\/ikarus.pe\/tienda\/?post_type=product&#038;p=17140"},"modified":"2026-04-22T17:56:16","modified_gmt":"2026-04-22T17:56:16","slug":"diablada-2","status":"publish","type":"product","link":"https:\/\/ikarus.pe\/tienda\/store\/mujer\/mujeres\/bvds-mujeres\/diablada-2\/","title":{"rendered":"Diablada"},"content":{"rendered":"<ul>\n<li>Tela 100% Viscosa<\/li>\n<li>Tela Pre-lavado y Prenda Suavizada<\/li>\n<li>Impresi\u00f3n Serigr\u00e1fica tacto cero con \u00a0tintas Ecofriendly<\/li>\n<li>Edici\u00f3n Limitada<\/li>\n<li>Medidas de tallas en la galer\u00eda de im\u00e1genes.<\/li>\n<\/ul>\n<p>Indicaciones de Lavado:<\/p>\n<ul>\n<li>Lavar a mano : Evita el uso de lavadora<\/li>\n<li>No usar lej\u00eda, ni detergentes fuertes<\/li>\n<li>Exprime suave \/ Secar a la sombra<\/li>\n<li>\n<div>Secado en maquina: Usar en ciclo suave<\/div>\n<\/li>\n<\/ul>\n","protected":false},"excerpt":{"rendered":"Tela 100% Viscosa Tela Pre-lavado y Prenda Suavizada Impresi\u00f3n Serigr\u00e1fica tacto cero con \u00a0tintas Ecofriendly Edici\u00f3n Limitada Medidas de tallas en la galer\u00eda de im\u00e1genes. Indicaciones de Lavado: Lavar a mano : Evita el uso de lavadora No usar lej\u00eda, ni detergentes fuertes Exprime suave \/ Secar a la sombra Secado en maquina: Usar en&#8230; <a class=\"view-article\" href=\"https:\/\/ikarus.pe\/tienda\/store\/mujer\/mujeres\/bvds-mujeres\/diablada-2\/\">Ver art\u00edculo<\/a>","protected":false},"featured_media":18561,"comment_status":"open","ping_status":"closed","template":"","meta":[],"_links":{"self":[{"href":"https:\/\/ikarus.pe\/tienda\/wp-json\/wp\/v2\/product\/17140"}],"collection":[{"href":"https:\/\/ikarus.pe\/tienda\/wp-json\/wp\/v2\/product"}],"about":[{"href":"https:\/\/ikarus.pe\/tienda\/wp-json\/wp\/v2\/types\/product"}],"replies":[{"embeddable":true,"href":"https:\/\/ikarus.pe\/tienda\/wp-json\/wp\/v2\/comments?post=17140"}],"wp:featuredmedia":[{"embeddable":true,"href":"https:\/\/ikarus.pe\/tienda\/wp-json\/wp\/v2\/media\/18561"}],"wp:attachment":[{"href":"https:\/\/ikarus.pe\/tienda\/wp-json\/wp\/v2\/media?parent=17140"}],"curies":[{"name":"wp","href":"https:\/\/api.w.org\/{rel}","templated":true}]}}