{"id":18733,"date":"2026-04-17T18:20:24","date_gmt":"2026-04-17T18:20:24","guid":{"rendered":"https:\/\/ikarus.pe\/tienda\/?post_type=product&#038;p=18733"},"modified":"2026-04-21T18:30:36","modified_gmt":"2026-04-21T18:30:36","slug":"santa-rosa-2","status":"publish","type":"product","link":"https:\/\/ikarus.pe\/tienda\/store\/sin-categoria\/hombres\/t-shirt-ikarus\/santa-rosa-2\/","title":{"rendered":"Santa Rosa"},"content":{"rendered":"<ul>\n<li>\n<ul>\n<li>\n<ul>\n<li>Composici\u00f3n de la Tela:\u00a0 Jersey 100% Algod\u00f3n<\/li>\n<li>Polo Pre-encogido, no tiene encogimiento<\/li>\n<li>Impresi\u00f3n Serigr\u00e1fica con acabado tacto cero con tintas Eco-Amigables<\/li>\n<\/ul>\n<p>Indicaciones de Lavado:<\/p>\n<ul>\n<li>Lavar a mano : Evita el uso de lavadora<\/li>\n<li>No usar lej\u00eda, ni detergentes fuertes<\/li>\n<li>Exprime suave \/ Secar a la sombra<\/li>\n<li>Secado en m\u00e1quina: Temperatura baja<\/li>\n<li>Planchar si es necesario<\/li>\n<\/ul>\n<\/li>\n<\/ul>\n<\/li>\n<\/ul>\n","protected":false},"excerpt":{"rendered":"Composici\u00f3n de la Tela:\u00a0 Jersey 100% Algod\u00f3n Polo Pre-encogido, no tiene encogimiento Impresi\u00f3n Serigr\u00e1fica con acabado tacto cero con tintas Eco-Amigables Indicaciones de Lavado: Lavar a mano : Evita el uso de lavadora No usar lej\u00eda, ni detergentes fuertes Exprime suave \/ Secar a la sombra Secado en m\u00e1quina: Temperatura baja Planchar si es necesario","protected":false},"featured_media":18883,"comment_status":"open","ping_status":"closed","template":"","meta":[],"_links":{"self":[{"href":"https:\/\/ikarus.pe\/tienda\/wp-json\/wp\/v2\/product\/18733"}],"collection":[{"href":"https:\/\/ikarus.pe\/tienda\/wp-json\/wp\/v2\/product"}],"about":[{"href":"https:\/\/ikarus.pe\/tienda\/wp-json\/wp\/v2\/types\/product"}],"replies":[{"embeddable":true,"href":"https:\/\/ikarus.pe\/tienda\/wp-json\/wp\/v2\/comments?post=18733"}],"wp:featuredmedia":[{"embeddable":true,"href":"https:\/\/ikarus.pe\/tienda\/wp-json\/wp\/v2\/media\/18883"}],"wp:attachment":[{"href":"https:\/\/ikarus.pe\/tienda\/wp-json\/wp\/v2\/media?parent=18733"}],"curies":[{"name":"wp","href":"https:\/\/api.w.org\/{rel}","templated":true}]}}