{"id":18920,"date":"2026-04-22T17:39:19","date_gmt":"2026-04-22T17:39:19","guid":{"rendered":"https:\/\/ikarus.pe\/tienda\/?post_type=product&#038;p=18920"},"modified":"2026-04-22T17:41:44","modified_gmt":"2026-04-22T17:41:44","slug":"puma-inka","status":"publish","type":"product","link":"https:\/\/ikarus.pe\/tienda\/store\/sin-categoria\/mujeres\/bvds-mujeres\/puma-inka\/","title":{"rendered":"Puma inka"},"content":{"rendered":"<h2>Descripci\u00f3n del producto<\/h2>\n<ul>\n<li>Tela 100% Viscosa<\/li>\n<li>Tela Pre-lavado y Prenda Suavizada: en total 2 pre lavados<\/li>\n<li>Impresi\u00f3n Serigr\u00e1fica tacto cero con \u00a0tintas ecofriendly<\/li>\n<li>Producci\u00f3n de Edici\u00f3n Limitada<\/li>\n<li><strong>Medidas de tallas<\/strong>: <strong>XS<\/strong>: Largo delantero: 55cm Largo trasero: 60cm Ancho: 40cm. <strong>S:\u00a0<\/strong>Largo delantero: 62cm Largo trasero: 68cm Ancho: 44cm. <strong>M<\/strong>: Largo delantero: 64cm Largo trasero: 70cm Ancho 47cm.<\/li>\n<\/ul>\n<p>Indicaciones de Lavado:<\/p>\n<ul>\n<li>Lavar a mano : Evita el uso de lavadora<\/li>\n<li>No usar lej\u00eda, ni detergentes fuertes<\/li>\n<li>Exprime suave \/ Secar a la sombra<\/li>\n<li>\n<div>Secado en maquina: Usar en ciclo suave<\/div>\n<\/li>\n<\/ul>\n","protected":false},"excerpt":{"rendered":"Descripci\u00f3n del producto Tela 100% Viscosa Tela Pre-lavado y Prenda Suavizada: en total 2 pre lavados Impresi\u00f3n Serigr\u00e1fica tacto cero con \u00a0tintas ecofriendly Producci\u00f3n de Edici\u00f3n Limitada Medidas de tallas: XS: Largo delantero: 55cm Largo trasero: 60cm Ancho: 40cm. S:\u00a0Largo delantero: 62cm Largo trasero: 68cm Ancho: 44cm. M: Largo delantero: 64cm Largo trasero: 70cm Ancho&#8230; <a class=\"view-article\" href=\"https:\/\/ikarus.pe\/tienda\/store\/sin-categoria\/mujeres\/bvds-mujeres\/puma-inka\/\">Ver art\u00edculo<\/a>","protected":false},"featured_media":18537,"comment_status":"open","ping_status":"closed","template":"","meta":[],"_links":{"self":[{"href":"https:\/\/ikarus.pe\/tienda\/wp-json\/wp\/v2\/product\/18920"}],"collection":[{"href":"https:\/\/ikarus.pe\/tienda\/wp-json\/wp\/v2\/product"}],"about":[{"href":"https:\/\/ikarus.pe\/tienda\/wp-json\/wp\/v2\/types\/product"}],"replies":[{"embeddable":true,"href":"https:\/\/ikarus.pe\/tienda\/wp-json\/wp\/v2\/comments?post=18920"}],"wp:featuredmedia":[{"embeddable":true,"href":"https:\/\/ikarus.pe\/tienda\/wp-json\/wp\/v2\/media\/18537"}],"wp:attachment":[{"href":"https:\/\/ikarus.pe\/tienda\/wp-json\/wp\/v2\/media?parent=18920"}],"curies":[{"name":"wp","href":"https:\/\/api.w.org\/{rel}","templated":true}]}}