{"id":18946,"date":"2026-04-23T17:39:44","date_gmt":"2026-04-23T17:39:44","guid":{"rendered":"https:\/\/ikarus.pe\/tienda\/?post_type=product&#038;p=18946"},"modified":"2026-04-23T17:51:24","modified_gmt":"2026-04-23T17:51:24","slug":"perro-con-chullo-4","status":"publish","type":"product","link":"https:\/\/ikarus.pe\/tienda\/store\/sin-categoria\/ninos\/perro-con-chullo-4\/","title":{"rendered":"Perro con chullo"},"content":{"rendered":"<ul>\n<li>Polera unisex<\/li>\n<li>Polera con capucha forrada, confeccionada con franela 100% algod\u00f3n te\u00f1ido reactivo.<\/li>\n<li>Impresi\u00f3n en serigraf\u00eda tacto cero con tintas eco amigables.<\/li>\n<li>Polera pre lavada y suavizada<\/li>\n<li>Producci\u00f3n de Edici\u00f3n Limitada<\/li>\n<li>Medidas de tallas en galer\u00eda de im\u00e1genes.<\/li>\n<\/ul>\n<p>Indicaciones de lavado:<\/p>\n<ul>\n<li>Lavar a mano : Evita el uso de lavadora<\/li>\n<li>No usar lej\u00eda, ni detergentes fuertes<\/li>\n<\/ul>\n","protected":false},"excerpt":{"rendered":"Polera unisex Polera con capucha forrada, confeccionada con franela 100% algod\u00f3n te\u00f1ido reactivo. Impresi\u00f3n en serigraf\u00eda tacto cero con tintas eco amigables. Polera pre lavada y suavizada Producci\u00f3n de Edici\u00f3n Limitada Medidas de tallas en galer\u00eda de im\u00e1genes. Indicaciones de lavado: Lavar a mano : Evita el uso de lavadora No usar lej\u00eda, ni detergentes&#8230; <a class=\"view-article\" href=\"https:\/\/ikarus.pe\/tienda\/store\/sin-categoria\/ninos\/perro-con-chullo-4\/\">Ver art\u00edculo<\/a>","protected":false},"featured_media":18772,"comment_status":"open","ping_status":"closed","template":"","meta":[],"_links":{"self":[{"href":"https:\/\/ikarus.pe\/tienda\/wp-json\/wp\/v2\/product\/18946"}],"collection":[{"href":"https:\/\/ikarus.pe\/tienda\/wp-json\/wp\/v2\/product"}],"about":[{"href":"https:\/\/ikarus.pe\/tienda\/wp-json\/wp\/v2\/types\/product"}],"replies":[{"embeddable":true,"href":"https:\/\/ikarus.pe\/tienda\/wp-json\/wp\/v2\/comments?post=18946"}],"wp:featuredmedia":[{"embeddable":true,"href":"https:\/\/ikarus.pe\/tienda\/wp-json\/wp\/v2\/media\/18772"}],"wp:attachment":[{"href":"https:\/\/ikarus.pe\/tienda\/wp-json\/wp\/v2\/media?parent=18946"}],"curies":[{"name":"wp","href":"https:\/\/api.w.org\/{rel}","templated":true}]}}