{"id":18957,"date":"2026-04-23T18:50:27","date_gmt":"2026-04-23T18:50:27","guid":{"rendered":"https:\/\/ikarus.pe\/tienda\/?post_type=product&#038;p=18957"},"modified":"2026-04-23T18:52:02","modified_gmt":"2026-04-23T18:52:02","slug":"live-with-art","status":"publish","type":"product","link":"https:\/\/ikarus.pe\/tienda\/store\/sin-categoria\/ninos\/ninos-ikarus\/live-with-art\/","title":{"rendered":"Live with art"},"content":{"rendered":"<ul>\n<li>Tela Jersey 100% Algod\u00f3n. (40 al 1, tela delgada)<\/li>\n<li>Tela Pre-lavado y Prenda Suavizada: en total 2 pre lavados<\/li>\n<li>Impresi\u00f3n Serigr\u00e1fica tacto cero con \u00a0tintas ecofriendly<\/li>\n<li>Producci\u00f3n de Edici\u00f3n Limitada<\/li>\n<li>Medidas de tallas en la galer\u00eda de im\u00e1genes.<\/li>\n<\/ul>\n<p>Indicaciones de Lavado:<\/p>\n<ul>\n<li>Lavar a mano : Evita el uso de lavadora<\/li>\n<li>No usar lej\u00eda, ni detergentes fuertes<\/li>\n<li>Exprime suave \/ Secar a la sombra<\/li>\n<li>\n<div>Secado en maquina: Usar en ciclo suave<\/div>\n<\/li>\n<\/ul>\n","protected":false},"excerpt":{"rendered":"Tela Jersey 100% Algod\u00f3n. (40 al 1, tela delgada) Tela Pre-lavado y Prenda Suavizada: en total 2 pre lavados Impresi\u00f3n Serigr\u00e1fica tacto cero con \u00a0tintas ecofriendly Producci\u00f3n de Edici\u00f3n Limitada Medidas de tallas en la galer\u00eda de im\u00e1genes. Indicaciones de Lavado: Lavar a mano : Evita el uso de lavadora No usar lej\u00eda, ni detergentes&#8230; <a class=\"view-article\" href=\"https:\/\/ikarus.pe\/tienda\/store\/sin-categoria\/ninos\/ninos-ikarus\/live-with-art\/\">Ver art\u00edculo<\/a>","protected":false},"featured_media":18506,"comment_status":"open","ping_status":"closed","template":"","meta":[],"_links":{"self":[{"href":"https:\/\/ikarus.pe\/tienda\/wp-json\/wp\/v2\/product\/18957"}],"collection":[{"href":"https:\/\/ikarus.pe\/tienda\/wp-json\/wp\/v2\/product"}],"about":[{"href":"https:\/\/ikarus.pe\/tienda\/wp-json\/wp\/v2\/types\/product"}],"replies":[{"embeddable":true,"href":"https:\/\/ikarus.pe\/tienda\/wp-json\/wp\/v2\/comments?post=18957"}],"wp:featuredmedia":[{"embeddable":true,"href":"https:\/\/ikarus.pe\/tienda\/wp-json\/wp\/v2\/media\/18506"}],"wp:attachment":[{"href":"https:\/\/ikarus.pe\/tienda\/wp-json\/wp\/v2\/media?parent=18957"}],"curies":[{"name":"wp","href":"https:\/\/api.w.org\/{rel}","templated":true}]}}